{"id":2586,"date":"2024-05-13T12:32:20","date_gmt":"2024-05-13T15:32:20","guid":{"rendered":"https:\/\/sharkpokerreviews.com.br\/blog\/?page_id=2586"},"modified":"2024-05-13T18:21:10","modified_gmt":"2024-05-13T21:21:10","slug":"quem-somos","status":"publish","type":"page","link":"https:\/\/sharkpokerreviews.com.br\/blog\/quem-somos\/","title":{"rendered":"Quem Somos?"},"content":{"rendered":"\n<figure class=\"wp-block-image size-large\"><img decoding=\"async\" width=\"1024\" height=\"576\" src=\"https:\/\/sharkpokerreviews.com.br\/blog\/wp-content\/uploads\/2024\/05\/shark-poker-quem-somos-1024x576.jpg\" alt=\"quem somos shark poker\" class=\"wp-image-2588\" srcset=\"https:\/\/sharkpokerreviews.com.br\/blog\/wp-content\/uploads\/2024\/05\/shark-poker-quem-somos-1024x576.jpg 1024w, https:\/\/sharkpokerreviews.com.br\/blog\/wp-content\/uploads\/2024\/05\/shark-poker-quem-somos-300x169.jpg 300w, https:\/\/sharkpokerreviews.com.br\/blog\/wp-content\/uploads\/2024\/05\/shark-poker-quem-somos-768x432.jpg 768w, https:\/\/sharkpokerreviews.com.br\/blog\/wp-content\/uploads\/2024\/05\/shark-poker-quem-somos.jpg 1045w\" sizes=\"(max-width: 1024px) 100vw, 1024px\" \/><\/figure>\n\n\n\n<p>Bem-vindo ao Shark Poker Reviews, o destino definitivo para entusiastas do poker que buscam as melhores an\u00e1lises, insights e informa\u00e7\u00f5es sobre o mundo do poker online. Somos uma equipe dedicada de apaixonados por poker, comprometidos em fornecer avalia\u00e7\u00f5es imparciais e precisas das principais plataformas de poker, torneios, softwares e estrat\u00e9gias.<\/p>\n\n\n\n<p>Nossa equipe \u00e9 composta por jogadores recreativos, analistas de dados e especialistas em tecnologia, todos unidos por uma paix\u00e3o comum pelo jogo. Juntos, combinamos anos de experi\u00eancia pr\u00e1tica nas mesas de poker com uma compreens\u00e3o profunda das nuances do poker online para trazer avalia\u00e7\u00f5es confi\u00e1veis e informa\u00e7\u00f5es valiosas para a comunidade do poker.<\/p>\n\n\n\n<p>Aqui no Shark Poker Reviews, a transpar\u00eancia e a integridade s\u00e3o os pilares de nosso trabalho. Cada an\u00e1lise e recomenda\u00e7\u00e3o que fornecemos s\u00e3o fundamentadas em uma pesquisa meticulosa e em nossa pr\u00f3pria experi\u00eancia pessoal, garantindo que voc\u00ea tenha acesso \u00e0s informa\u00e7\u00f5es mais precisas e atualizadas dispon\u00edveis.<\/p>\n\n\n\n<p>Nosso objetivo \u00e9 capacitar jogadores de todos os n\u00edveis de habilidade com os recursos e conhecimentos necess\u00e1rios para alcan\u00e7ar sucesso no poker online. Seja voc\u00ea um novato curioso, um jogador casual ou um profissional experiente, estamos aqui para ajud\u00e1-lo a aprimorar suas habilidades, tomar decis\u00f5es informadas e maximizar seu potencial no feltro virtual.<\/p>\n\n\n\n<p>Esses s\u00e3o os pilares que sustentam nossa jornada no Shark Poker Reviews, e estamos dedicados a honrar esses valores em todas as nossas atividades e intera\u00e7\u00f5es com nossa comunidade de jogadores.<\/p>\n\n\n\n<p>Junte-se a n\u00f3s enquanto exploramos o emocionante mundo do poker online e descubra por que o Shark Poker Reviews \u00e9 o seu parceiro confi\u00e1vel no caminho para o sucesso no poker.<\/p>\n","protected":false},"excerpt":{"rendered":"<p>Bem-vindo ao Shark Poker Reviews, o destino definitivo para entusiastas do poker que buscam as melhores an\u00e1lises, insights e informa\u00e7\u00f5es sobre o mundo do poker online. Somos uma equipe dedicada de apaixonados por poker, comprometidos em fornecer avalia\u00e7\u00f5es imparciais e precisas das principais plataformas de poker, torneios, softwares e estrat\u00e9gias. [&hellip;]<\/p>\n","protected":false},"author":1,"featured_media":0,"parent":0,"menu_order":0,"comment_status":"closed","ping_status":"closed","template":"","meta":{"_acf_changed":false,"_uag_custom_page_level_css":"","footnotes":""},"class_list":["post-2586","page","type-page","status-publish","hentry"],"acf":[],"yoast_head":"<!-- This site is optimized with the Yoast SEO plugin v27.2 - https:\/\/yoast.com\/product\/yoast-seo-wordpress\/ -->\n<title>Quem Somos? - Shark Poker Reviews<\/title>\n<meta name=\"description\" content=\"Somos uma equipe dedicada de apaixonados por poker, comprometidos em fornecer avalia\u00e7\u00f5es imparciais e precisas das principais plataformas de poker, torneios, softwares e estrat\u00e9gias.\" \/>\n<meta name=\"robots\" content=\"index, follow, max-snippet:-1, max-image-preview:large, max-video-preview:-1\" \/>\n<link rel=\"canonical\" href=\"https:\/\/sharkpokerreviews.com.br\/blog\/quem-somos\/\" \/>\n<meta property=\"og:locale\" content=\"pt_BR\" \/>\n<meta property=\"og:type\" content=\"article\" \/>\n<meta property=\"og:title\" content=\"Quem Somos? - Shark Poker Reviews\" \/>\n<meta property=\"og:description\" content=\"Somos uma equipe dedicada de apaixonados por poker, comprometidos em fornecer avalia\u00e7\u00f5es imparciais e precisas das principais plataformas de poker, torneios, softwares e estrat\u00e9gias.\" \/>\n<meta property=\"og:url\" content=\"https:\/\/sharkpokerreviews.com.br\/blog\/quem-somos\/\" \/>\n<meta property=\"og:site_name\" content=\"Shark Poker Reviews\" \/>\n<meta property=\"article:modified_time\" content=\"2024-05-13T21:21:10+00:00\" \/>\n<meta property=\"og:image\" content=\"https:\/\/sharkpokerreviews.com.br\/blog\/wp-content\/uploads\/2024\/05\/shark-poker-quem-somos-1024x576.jpg\" \/>\n<meta name=\"twitter:card\" content=\"summary_large_image\" \/>\n<meta name=\"twitter:label1\" content=\"Est. tempo de leitura\" \/>\n\t<meta name=\"twitter:data1\" content=\"4 minutos\" \/>\n<script type=\"application\/ld+json\" class=\"yoast-schema-graph\">{\"@context\":\"https:\/\/schema.org\",\"@graph\":[{\"@type\":\"WebPage\",\"@id\":\"https:\/\/sharkpokerreviews.com.br\/blog\/quem-somos\/\",\"url\":\"https:\/\/sharkpokerreviews.com.br\/blog\/quem-somos\/\",\"name\":\"Quem Somos? - Shark Poker Reviews\",\"isPartOf\":{\"@id\":\"https:\/\/sharkpokerreviews.com.br\/blog\/#website\"},\"primaryImageOfPage\":{\"@id\":\"https:\/\/sharkpokerreviews.com.br\/blog\/quem-somos\/#primaryimage\"},\"image\":{\"@id\":\"https:\/\/sharkpokerreviews.com.br\/blog\/quem-somos\/#primaryimage\"},\"thumbnailUrl\":\"https:\/\/sharkpokerreviews.com.br\/blog\/wp-content\/uploads\/2024\/05\/shark-poker-quem-somos-1024x576.jpg\",\"datePublished\":\"2024-05-13T15:32:20+00:00\",\"dateModified\":\"2024-05-13T21:21:10+00:00\",\"description\":\"Somos uma equipe dedicada de apaixonados por poker, comprometidos em fornecer avalia\u00e7\u00f5es imparciais e precisas das principais plataformas de poker, torneios, softwares e estrat\u00e9gias.\",\"breadcrumb\":{\"@id\":\"https:\/\/sharkpokerreviews.com.br\/blog\/quem-somos\/#breadcrumb\"},\"inLanguage\":\"pt-BR\",\"potentialAction\":[{\"@type\":\"ReadAction\",\"target\":[\"https:\/\/sharkpokerreviews.com.br\/blog\/quem-somos\/\"]}]},{\"@type\":\"ImageObject\",\"inLanguage\":\"pt-BR\",\"@id\":\"https:\/\/sharkpokerreviews.com.br\/blog\/quem-somos\/#primaryimage\",\"url\":\"https:\/\/sharkpokerreviews.com.br\/blog\/wp-content\/uploads\/2024\/05\/shark-poker-quem-somos.jpg\",\"contentUrl\":\"https:\/\/sharkpokerreviews.com.br\/blog\/wp-content\/uploads\/2024\/05\/shark-poker-quem-somos.jpg\",\"width\":1045,\"height\":588,\"caption\":\"xr:d:DAFX3ebbwPU:436,j:7118355614174882946,t:24012315\"},{\"@type\":\"BreadcrumbList\",\"@id\":\"https:\/\/sharkpokerreviews.com.br\/blog\/quem-somos\/#breadcrumb\",\"itemListElement\":[{\"@type\":\"ListItem\",\"position\":1,\"name\":\"In\u00edcio\",\"item\":\"https:\/\/sharkpokerreviews.com.br\/blog\/\"},{\"@type\":\"ListItem\",\"position\":2,\"name\":\"Quem Somos?\"}]},{\"@type\":\"WebSite\",\"@id\":\"https:\/\/sharkpokerreviews.com.br\/blog\/#website\",\"url\":\"https:\/\/sharkpokerreviews.com.br\/blog\/\",\"name\":\"Shark Poker Reviews\",\"description\":\"Aprendendo A Jogar Poker Online\",\"publisher\":{\"@id\":\"https:\/\/sharkpokerreviews.com.br\/blog\/#\/schema\/person\/3f8242b9bb17a1396cd838fa75cc10fb\"},\"potentialAction\":[{\"@type\":\"SearchAction\",\"target\":{\"@type\":\"EntryPoint\",\"urlTemplate\":\"https:\/\/sharkpokerreviews.com.br\/blog\/?s={search_term_string}\"},\"query-input\":{\"@type\":\"PropertyValueSpecification\",\"valueRequired\":true,\"valueName\":\"search_term_string\"}}],\"inLanguage\":\"pt-BR\"},{\"@type\":[\"Person\",\"Organization\"],\"@id\":\"https:\/\/sharkpokerreviews.com.br\/blog\/#\/schema\/person\/3f8242b9bb17a1396cd838fa75cc10fb\",\"name\":\"Rafael H.\",\"image\":{\"@type\":\"ImageObject\",\"inLanguage\":\"pt-BR\",\"@id\":\"https:\/\/sharkpokerreviews.com.br\/blog\/wp-content\/uploads\/2020\/07\/cropped-shark-poker-reviews-logo.png\",\"url\":\"https:\/\/sharkpokerreviews.com.br\/blog\/wp-content\/uploads\/2020\/07\/cropped-shark-poker-reviews-logo.png\",\"contentUrl\":\"https:\/\/sharkpokerreviews.com.br\/blog\/wp-content\/uploads\/2020\/07\/cropped-shark-poker-reviews-logo.png\",\"width\":242,\"height\":61,\"caption\":\"Rafael H.\"},\"logo\":{\"@id\":\"https:\/\/sharkpokerreviews.com.br\/blog\/wp-content\/uploads\/2020\/07\/cropped-shark-poker-reviews-logo.png\"},\"description\":\"Cansado de tomar uma Bad Beat atr\u00e1s da outra, Rafael decidiu come\u00e7ar a estudar poker. Ao longo do tempo, resolver compartilhar o que ia aprendendo em um blog pessoal - o Shark Poker Reviews. Como jogador recreativo, o autor \u00e9 um bom blogueiro!\"}]}<\/script>\n<!-- \/ Yoast SEO plugin. -->","yoast_head_json":{"title":"Quem Somos? - Shark Poker Reviews","description":"Somos uma equipe dedicada de apaixonados por poker, comprometidos em fornecer avalia\u00e7\u00f5es imparciais e precisas das principais plataformas de poker, torneios, softwares e estrat\u00e9gias.","robots":{"index":"index","follow":"follow","max-snippet":"max-snippet:-1","max-image-preview":"max-image-preview:large","max-video-preview":"max-video-preview:-1"},"canonical":"https:\/\/sharkpokerreviews.com.br\/blog\/quem-somos\/","og_locale":"pt_BR","og_type":"article","og_title":"Quem Somos? - Shark Poker Reviews","og_description":"Somos uma equipe dedicada de apaixonados por poker, comprometidos em fornecer avalia\u00e7\u00f5es imparciais e precisas das principais plataformas de poker, torneios, softwares e estrat\u00e9gias.","og_url":"https:\/\/sharkpokerreviews.com.br\/blog\/quem-somos\/","og_site_name":"Shark Poker Reviews","article_modified_time":"2024-05-13T21:21:10+00:00","og_image":[{"url":"https:\/\/sharkpokerreviews.com.br\/blog\/wp-content\/uploads\/2024\/05\/shark-poker-quem-somos-1024x576.jpg","type":"","width":"","height":""}],"twitter_card":"summary_large_image","twitter_misc":{"Est. tempo de leitura":"4 minutos"},"schema":{"@context":"https:\/\/schema.org","@graph":[{"@type":"WebPage","@id":"https:\/\/sharkpokerreviews.com.br\/blog\/quem-somos\/","url":"https:\/\/sharkpokerreviews.com.br\/blog\/quem-somos\/","name":"Quem Somos? - Shark Poker Reviews","isPartOf":{"@id":"https:\/\/sharkpokerreviews.com.br\/blog\/#website"},"primaryImageOfPage":{"@id":"https:\/\/sharkpokerreviews.com.br\/blog\/quem-somos\/#primaryimage"},"image":{"@id":"https:\/\/sharkpokerreviews.com.br\/blog\/quem-somos\/#primaryimage"},"thumbnailUrl":"https:\/\/sharkpokerreviews.com.br\/blog\/wp-content\/uploads\/2024\/05\/shark-poker-quem-somos-1024x576.jpg","datePublished":"2024-05-13T15:32:20+00:00","dateModified":"2024-05-13T21:21:10+00:00","description":"Somos uma equipe dedicada de apaixonados por poker, comprometidos em fornecer avalia\u00e7\u00f5es imparciais e precisas das principais plataformas de poker, torneios, softwares e estrat\u00e9gias.","breadcrumb":{"@id":"https:\/\/sharkpokerreviews.com.br\/blog\/quem-somos\/#breadcrumb"},"inLanguage":"pt-BR","potentialAction":[{"@type":"ReadAction","target":["https:\/\/sharkpokerreviews.com.br\/blog\/quem-somos\/"]}]},{"@type":"ImageObject","inLanguage":"pt-BR","@id":"https:\/\/sharkpokerreviews.com.br\/blog\/quem-somos\/#primaryimage","url":"https:\/\/sharkpokerreviews.com.br\/blog\/wp-content\/uploads\/2024\/05\/shark-poker-quem-somos.jpg","contentUrl":"https:\/\/sharkpokerreviews.com.br\/blog\/wp-content\/uploads\/2024\/05\/shark-poker-quem-somos.jpg","width":1045,"height":588,"caption":"xr:d:DAFX3ebbwPU:436,j:7118355614174882946,t:24012315"},{"@type":"BreadcrumbList","@id":"https:\/\/sharkpokerreviews.com.br\/blog\/quem-somos\/#breadcrumb","itemListElement":[{"@type":"ListItem","position":1,"name":"In\u00edcio","item":"https:\/\/sharkpokerreviews.com.br\/blog\/"},{"@type":"ListItem","position":2,"name":"Quem Somos?"}]},{"@type":"WebSite","@id":"https:\/\/sharkpokerreviews.com.br\/blog\/#website","url":"https:\/\/sharkpokerreviews.com.br\/blog\/","name":"Shark Poker Reviews","description":"Aprendendo A Jogar Poker Online","publisher":{"@id":"https:\/\/sharkpokerreviews.com.br\/blog\/#\/schema\/person\/3f8242b9bb17a1396cd838fa75cc10fb"},"potentialAction":[{"@type":"SearchAction","target":{"@type":"EntryPoint","urlTemplate":"https:\/\/sharkpokerreviews.com.br\/blog\/?s={search_term_string}"},"query-input":{"@type":"PropertyValueSpecification","valueRequired":true,"valueName":"search_term_string"}}],"inLanguage":"pt-BR"},{"@type":["Person","Organization"],"@id":"https:\/\/sharkpokerreviews.com.br\/blog\/#\/schema\/person\/3f8242b9bb17a1396cd838fa75cc10fb","name":"Rafael H.","image":{"@type":"ImageObject","inLanguage":"pt-BR","@id":"https:\/\/sharkpokerreviews.com.br\/blog\/wp-content\/uploads\/2020\/07\/cropped-shark-poker-reviews-logo.png","url":"https:\/\/sharkpokerreviews.com.br\/blog\/wp-content\/uploads\/2020\/07\/cropped-shark-poker-reviews-logo.png","contentUrl":"https:\/\/sharkpokerreviews.com.br\/blog\/wp-content\/uploads\/2020\/07\/cropped-shark-poker-reviews-logo.png","width":242,"height":61,"caption":"Rafael H."},"logo":{"@id":"https:\/\/sharkpokerreviews.com.br\/blog\/wp-content\/uploads\/2020\/07\/cropped-shark-poker-reviews-logo.png"},"description":"Cansado de tomar uma Bad Beat atr\u00e1s da outra, Rafael decidiu come\u00e7ar a estudar poker. Ao longo do tempo, resolver compartilhar o que ia aprendendo em um blog pessoal - o Shark Poker Reviews. Como jogador recreativo, o autor \u00e9 um bom blogueiro!"}]}},"uagb_featured_image_src":{"full":false,"thumbnail":false,"medium":false,"medium_large":false,"large":false,"1536x1536":false,"2048x2048":false,"wolfwp-thumb-small":false,"wolfwp-thumb-medium-cut":false},"uagb_author_info":{"display_name":"Rafael H.","author_link":"https:\/\/sharkpokerreviews.com.br\/blog\/author\/roccohertelgmail-com\/"},"uagb_comment_info":0,"uagb_excerpt":"Bem-vindo ao Shark Poker Reviews, o destino definitivo para entusiastas do poker que buscam as melhores an\u00e1lises, insights e informa\u00e7\u00f5es sobre o mundo do poker online. Somos uma equipe dedicada de apaixonados por poker, comprometidos em fornecer avalia\u00e7\u00f5es imparciais e precisas das principais plataformas de poker, torneios, softwares e estrat\u00e9gias. [&hellip;]","_links":{"self":[{"href":"https:\/\/sharkpokerreviews.com.br\/blog\/wp-json\/wp\/v2\/pages\/2586","targetHints":{"allow":["GET"]}}],"collection":[{"href":"https:\/\/sharkpokerreviews.com.br\/blog\/wp-json\/wp\/v2\/pages"}],"about":[{"href":"https:\/\/sharkpokerreviews.com.br\/blog\/wp-json\/wp\/v2\/types\/page"}],"author":[{"embeddable":true,"href":"https:\/\/sharkpokerreviews.com.br\/blog\/wp-json\/wp\/v2\/users\/1"}],"replies":[{"embeddable":true,"href":"https:\/\/sharkpokerreviews.com.br\/blog\/wp-json\/wp\/v2\/comments?post=2586"}],"version-history":[{"count":7,"href":"https:\/\/sharkpokerreviews.com.br\/blog\/wp-json\/wp\/v2\/pages\/2586\/revisions"}],"predecessor-version":[{"id":2634,"href":"https:\/\/sharkpokerreviews.com.br\/blog\/wp-json\/wp\/v2\/pages\/2586\/revisions\/2634"}],"wp:attachment":[{"href":"https:\/\/sharkpokerreviews.com.br\/blog\/wp-json\/wp\/v2\/media?parent=2586"}],"curies":[{"name":"wp","href":"https:\/\/api.w.org\/{rel}","templated":true}]}}