{"id":3,"date":"2019-03-01T13:12:06","date_gmt":"2019-03-01T16:12:06","guid":{"rendered":"https:\/\/sharkpokerreviews.com.br\/blog\/?page_id=3"},"modified":"2024-05-13T12:45:46","modified_gmt":"2024-05-13T15:45:46","slug":"politica-de-privacidade","status":"publish","type":"page","link":"https:\/\/sharkpokerreviews.com.br\/blog\/politica-de-privacidade\/","title":{"rendered":"Pol\u00edtica de privacidade"},"content":{"rendered":"\n<h2 class=\"wp-block-heading\">Quem somos<\/h2>\n\n\n\n<p>O endere\u00e7o do nosso site \u00e9: https:\/\/sharkpokerreviews.com.br\/blog.<\/p>\n\n\n\n<p>Na Shark Poker Reviews, estamos comprometidos em proteger a privacidade e os dados pessoais de nossos usu\u00e1rios. Esta pol\u00edtica de privacidade descreve como coletamos, usamos e protegemos as informa\u00e7\u00f5es que voc\u00ea fornece ao usar nosso site.<\/p>\n\n\n\n<h2 class=\"wp-block-heading\">1. Informa\u00e7\u00f5es Coletadas<\/h2>\n\n\n\n<p>Informa\u00e7\u00f5es de Identifica\u00e7\u00e3o Pessoal: Podemos coletar informa\u00e7\u00f5es como nome, endere\u00e7o de e-mail e outras informa\u00e7\u00f5es de contato que voc\u00ea nos fornece voluntariamente ao se inscrever em nossa newsletter ou entrar em contato conosco.<\/p>\n\n\n\n<p>Informa\u00e7\u00f5es de Navega\u00e7\u00e3o: Podemos coletar informa\u00e7\u00f5es sobre seu uso do site, como endere\u00e7o IP, tipo de navegador, p\u00e1ginas visitadas e tempos de visita. Essas informa\u00e7\u00f5es s\u00e3o coletadas automaticamente por meio de cookies e tecnologias similares.<\/p>\n\n\n\n<h3 class=\"wp-block-heading\">1.1 Quais dados pessoais coletamos e porque?<\/h3>\n\n\n\n<p>No contexto do Shark Poker Reviews, coletamos e processamos alguns dados pessoais para fornecer e melhorar nossos servi\u00e7os, al\u00e9m de garantir uma experi\u00eancia personalizada para os usu\u00e1rios. Aqui est\u00e3o os tipos de dados pessoais que podemos coletar e os motivos pelos quais os coletamos:<\/p>\n\n\n\n<h4 class=\"wp-block-heading\">1.1.1 Coment\u00e1rios<\/h4>\n\n\n\n<p>Quando os visitantes deixam coment\u00e1rios no site, coletamos os dados mostrados no formul\u00e1rio de coment\u00e1rios, al\u00e9m do endere\u00e7o de IP e de dados do navegador do visitante, para auxiliar na detec\u00e7\u00e3o de spam.<\/p>\n\n\n\n<p>Uma sequ\u00eancia anonimizada de caracteres criada a partir do seu e-mail (tamb\u00e9m chamada de hash) poder\u00e1 ser enviada para o Gravatar para verificar se voc\u00ea usa o servi\u00e7o. A pol\u00edtica de privacidade do Gravatar est\u00e1 dispon\u00edvel aqui: https:\/\/automattic.com\/privacy\/. Depois da aprova\u00e7\u00e3o do seu coment\u00e1rio, a foto do seu perfil fica vis\u00edvel publicamente junto de seu coment\u00e1rio.<\/p>\n\n\n\n<h4 class=\"wp-block-heading\">1.1.2 M\u00eddia<\/h4>\n\n\n\n<p>Se voc\u00ea envia imagens para o site, evite enviar as que contenham dados de localiza\u00e7\u00e3o incorporados (EXIF GPS). Visitantes podem baixar estas imagens do site e extrair delas seus dados de localiza\u00e7\u00e3o.<\/p>\n\n\n\n<h4 class=\"wp-block-heading\">1.1.3 Cookies<\/h4>\n\n\n\n<p>Ao deixar um coment\u00e1rio no site, voc\u00ea poder\u00e1 optar por salvar seu nome, e-mail e site nos cookies. Isso visa seu conforto, assim voc\u00ea n\u00e3o precisar\u00e1 preencher seus  dados novamente quando fizer outro coment\u00e1rio. Estes cookies duram um ano.<\/p>\n\n\n\n<p>Se voc\u00ea tem uma conta e acessa este site, um cookie tempor\u00e1rio ser\u00e1 criado para determinar se seu navegador aceita cookies. Ele n\u00e3o cont\u00e9m nenhum dado pessoal e ser\u00e1 descartado quando voc\u00ea fechar seu navegador.<\/p>\n\n\n\n<p>Quando voc\u00ea acessa sua conta no site, tamb\u00e9m criamos v\u00e1rios cookies para salvar os dados da sua conta e suas escolhas de exibi\u00e7\u00e3o de tela. Cookies de login s\u00e3o mantidos por dois dias e cookies de op\u00e7\u00f5es de tela por um ano. Se voc\u00ea selecionar &#8220;Lembrar-me&#8221;, seu acesso ser\u00e1 mantido por duas semanas. Se voc\u00ea se desconectar da sua conta, os cookies de login ser\u00e3o removidos.<\/p>\n\n\n\n<p>Se voc\u00ea editar ou publicar um artigo, um cookie adicional ser\u00e1 salvo no seu navegador. Este cookie n\u00e3o inclui nenhum dado pessoal e simplesmente indica o ID do post referente ao artigo que voc\u00ea acabou de editar. Ele expira depois de 1 dia.<\/p>\n\n\n\n<h4 class=\"wp-block-heading\">1.1.4 M\u00eddia incorporada de outros sites<\/h4>\n\n\n\n<p>Artigos neste site podem incluir conte\u00fado incorporado como, por exemplo, v\u00eddeos, imagens, artigos, etc. Conte\u00fados incorporados de outros sites se comportam exatamente da mesma forma como se o visitante estivesse visitando o outro site.<\/p>\n\n\n\n<p>Estes sites podem coletar dados sobre voc\u00ea, usar cookies, incorporar rastreamento adicional de terceiros e monitorar sua intera\u00e7\u00e3o com este conte\u00fado incorporado, incluindo sua intera\u00e7\u00e3o com o conte\u00fado incorporado se voc\u00ea tem uma conta e est\u00e1 conectado com o site.<\/p>\n\n\n\n<h4 class=\"wp-block-heading\">1.1.5 Formul\u00e1rios<\/h4>\n\n\n\n<p>Podemos coletar seu nome para personalizar sua experi\u00eancia no site, como em comunica\u00e7\u00f5es de marketing ou ao responder a consultas. Coletamos endere\u00e7os de e-mail para enviar newsletters, responder a consultas e fornecer atualiza\u00e7\u00f5es sobre nossos servi\u00e7os.<\/p>\n\n\n\n<h2 class=\"wp-block-heading\">2. Por quanto tempo mantemos os seus dados<\/h2>\n\n\n\n<p>Se voc\u00ea deixar um coment\u00e1rio, o coment\u00e1rio e os seus metadados s\u00e3o conservados indefinidamente. Fazemos isso para que seja poss\u00edvel reconhecer e aprovar automaticamente qualquer coment\u00e1rio posterior ao inv\u00e9s de ret\u00ea-lo para modera\u00e7\u00e3o.<\/p>\n\n\n\n<p>Para usu\u00e1rios que se registram no nosso site (se houver), tamb\u00e9m guardamos as informa\u00e7\u00f5es pessoais que fornecem no seu perfil de usu\u00e1rio. Todos os usu\u00e1rios podem ver, editar ou excluir suas informa\u00e7\u00f5es pessoais a qualquer momento (s\u00f3 n\u00e3o \u00e9 poss\u00edvel alterar o seu username). Os administradores de sites tamb\u00e9m podem ver e editar estas informa\u00e7\u00f5es.<\/p>\n\n\n\n<h2 class=\"wp-block-heading\">3. Uso das Informa\u00e7\u00f5es<\/h2>\n\n\n\n<p>Utilizamos as informa\u00e7\u00f5es coletadas para fornecer e melhorar nossos servi\u00e7os, responder a consultas e comunica\u00e7\u00f5es, personalizar sua experi\u00eancia no site e enviar comunica\u00e7\u00f5es de marketing, quando apropriado e com seu consentimento.<\/p>\n\n\n\n<p>N\u00e3o compartilhamos suas informa\u00e7\u00f5es pessoais com terceiros n\u00e3o afiliados, exceto quando necess\u00e1rio para cumprir com a lei, proteger nossos direitos ou responder a solicita\u00e7\u00f5es legais.<\/p>\n\n\n\n<h2 class=\"wp-block-heading\">4. Cookies e Tecnologias Semelhantes<\/h2>\n\n\n\n<p>Utilizamos cookies e tecnologias similares para coletar informa\u00e7\u00f5es sobre sua atividade no site e personalizar sua experi\u00eancia. Voc\u00ea pode optar por aceitar ou recusar cookies em seu navegador, mas isso pode afetar a funcionalidade do site.<\/p>\n\n\n\n<h2 class=\"wp-block-heading\">5. Seguran\u00e7a dos Dados<\/h2>\n\n\n\n<p>Implementamos medidas de seguran\u00e7a razo\u00e1veis para proteger as informa\u00e7\u00f5es contra acesso n\u00e3o autorizado, uso indevido ou divulga\u00e7\u00e3o. No entanto, nenhum m\u00e9todo de transmiss\u00e3o pela Internet ou armazenamento eletr\u00f4nico \u00e9 100% seguro, e n\u00e3o podemos garantir a seguran\u00e7a absoluta dos dados.<\/p>\n\n\n\n<h2 class=\"wp-block-heading\">6. Consentimento<\/h2>\n\n\n\n<p>Ao usar nosso site, voc\u00ea consente com esta pol\u00edtica de privacidade e concorda com o processamento de suas informa\u00e7\u00f5es conforme descrito aqui.<\/p>\n\n\n\n<h2 class=\"wp-block-heading\">7. Altera\u00e7\u00f5es nesta Pol\u00edtica<\/h2>\n\n\n\n<p>Reservamo-nos o direito de atualizar ou modificar esta pol\u00edtica de privacidade a qualquer momento. Quaisquer altera\u00e7\u00f5es significativas ser\u00e3o comunicadas por meio de uma notifica\u00e7\u00e3o no site ou por outros meios razo\u00e1veis.<\/p>\n\n\n\n<h2 class=\"wp-block-heading\">8. Isen\u00e7\u00e3o de Responsabilidade<\/h2>\n\n\n\n<p>A Shark Poker Reviews se esfor\u00e7a para fornecer informa\u00e7\u00f5es precisas e atualizadas sobre o poker online, no entanto, n\u00e3o podemos garantir a exatid\u00e3o, integridade ou adequa\u00e7\u00e3o das informa\u00e7\u00f5es fornecidas em nosso site. Ao utilizar nosso site, voc\u00ea concorda que:<\/p>\n\n\n\n<ul class=\"wp-block-list\">\n<li><strong>Informa\u00e7\u00f5es Gerais<\/strong>: As informa\u00e7\u00f5es e opini\u00f5es expressas em nosso site s\u00e3o apenas para fins informativos e n\u00e3o devem ser consideradas como aconselhamento financeiro, jur\u00eddico ou de qualquer outra natureza. Voc\u00ea deve sempre realizar sua pr\u00f3pria pesquisa e buscar orienta\u00e7\u00e3o profissional antes de tomar decis\u00f5es com base nas informa\u00e7\u00f5es fornecidas em nosso site.<\/li>\n\n\n\n<li><strong>Varia\u00e7\u00e3o nas Plataformas<\/strong>: As informa\u00e7\u00f5es sobre plataformas de poker, torneios, softwares e estrat\u00e9gias podem variar ao longo do tempo e entre diferentes usu\u00e1rios. As experi\u00eancias individuais podem diferir e os resultados obtidos podem variar de acordo com v\u00e1rios fatores, incluindo habilidade, sorte e circunst\u00e2ncias individuais.<\/li>\n\n\n\n<li><strong>Links Externos<\/strong>: Nosso site pode conter links para sites de terceiros, que s\u00e3o fornecidos apenas para conveni\u00eancia e n\u00e3o implicam endosso ou afilia\u00e7\u00e3o. N\u00e3o somos respons\u00e1veis pelo conte\u00fado, pol\u00edticas de privacidade ou pr\u00e1ticas de seguran\u00e7a de sites de terceiros.<\/li>\n\n\n\n<li><strong>Riscos do Jogo<\/strong>: O poker online envolve riscos financeiros e deve ser praticado com responsabilidade. N\u00e3o nos responsabilizamos por quaisquer perdas financeiras ou danos decorrentes do jogo de poker online ou de quaisquer decis\u00f5es tomadas com base nas informa\u00e7\u00f5es fornecidas em nosso site.<\/li>\n\n\n\n<li><strong>Altera\u00e7\u00f5es<\/strong>: Reservamo-nos o direito de fazer altera\u00e7\u00f5es no conte\u00fado, na estrutura ou nas pol\u00edticas do site a qualquer momento, sem aviso pr\u00e9vio.<\/li>\n<\/ul>\n\n\n\n<p>Ao usar nosso site, voc\u00ea concorda em isentar a Shark Poker Reviews, seus propriet\u00e1rios, colaboradores e afiliados de qualquer responsabilidade por danos diretos, indiretos, incidentais, consequenciais ou especiais resultantes do uso ou da incapacidade de usar nosso site ou das informa\u00e7\u00f5es nele contidas.<\/p>\n\n\n\n<p>Se voc\u00ea tiver alguma d\u00favida ou preocupa\u00e7\u00e3o sobre esta isen\u00e7\u00e3o de responsabilidade, entre em contato conosco. <\/p>\n\n\n\n<h2 class=\"wp-block-heading\">9. Quais os seus direitos sobre seus dados<\/h2>\n\n\n\n<p>Se voc\u00ea tiver uma conta neste site ou se tiver deixado coment\u00e1rios, pode solicitar um arquivo exportado dos dados pessoais que mantemos sobre voc\u00ea, inclusive quaisquer dados que nos tenha fornecido. Tamb\u00e9m pode solicitar que removamos qualquer dado pessoal que mantemos sobre voc\u00ea. Isto n\u00e3o inclui nenhuns dados que somos obrigados a manter para prop\u00f3sitos administrativos, legais ou de seguran\u00e7a.<\/p>\n\n\n\n<h2 class=\"wp-block-heading\">10. Para onde enviamos seus dados<\/h2>\n\n\n\n<p>Coment\u00e1rios de visitantes podem ser marcados por um servi\u00e7o autom\u00e1tico de detec\u00e7\u00e3o de spam.<\/p>\n\n\n\n<h2 class=\"wp-block-heading\"> 11. Contato<\/h2>\n\n\n\n<p>Se voc\u00ea tiver d\u00favidas ou preocupa\u00e7\u00f5es sobre esta pol\u00edtica de privacidade, entre em contato conosco atrav\u00e9s das informa\u00e7\u00f5es fornecidas em nossa p\u00e1gina de contato.<\/p>\n\n\n\n<p>Obrigado por confiar no Shark Poker Reviews para suas necessidades de informa\u00e7\u00e3o sobre poker.<\/p>\n\n\n\n<p>Para quaisquer d\u00favidas, entre em contato por <a href=\"mailto:contato@sharkpokerreviews.com.br\">contato@sharkpokerreviews.com.br<\/a><\/p>\n","protected":false},"excerpt":{"rendered":"<p>Quem somos O endere\u00e7o do nosso site \u00e9: https:\/\/sharkpokerreviews.com.br\/blog. Na Shark Poker Reviews, estamos comprometidos em proteger a privacidade e os dados pessoais de nossos usu\u00e1rios. Esta pol\u00edtica de privacidade descreve como coletamos, usamos e protegemos as informa\u00e7\u00f5es que voc\u00ea fornece ao usar nosso site. 1. Informa\u00e7\u00f5es Coletadas Informa\u00e7\u00f5es de [&hellip;]<\/p>\n","protected":false},"author":1,"featured_media":0,"parent":0,"menu_order":0,"comment_status":"closed","ping_status":"open","template":"","meta":{"_acf_changed":false,"_uag_custom_page_level_css":"","footnotes":""},"class_list":["post-3","page","type-page","status-publish","hentry"],"acf":[],"yoast_head":"<!-- This site is optimized with the Yoast SEO plugin v27.2 - https:\/\/yoast.com\/product\/yoast-seo-wordpress\/ -->\n<title>Pol\u00edtica de privacidade - Shark Poker Reviews<\/title>\n<meta name=\"description\" content=\"Esta pol\u00edtica de privacidade descreve como coletamos, usamos e protegemos as informa\u00e7\u00f5es que voc\u00ea fornece ao usar nosso site.\" \/>\n<meta name=\"robots\" content=\"index, follow, max-snippet:-1, max-image-preview:large, max-video-preview:-1\" \/>\n<link rel=\"canonical\" href=\"https:\/\/sharkpokerreviews.com.br\/blog\/politica-de-privacidade\/\" \/>\n<meta property=\"og:locale\" content=\"pt_BR\" \/>\n<meta property=\"og:type\" content=\"article\" \/>\n<meta property=\"og:title\" content=\"Pol\u00edtica de privacidade - Shark Poker Reviews\" \/>\n<meta property=\"og:description\" content=\"Esta pol\u00edtica de privacidade descreve como coletamos, usamos e protegemos as informa\u00e7\u00f5es que voc\u00ea fornece ao usar nosso site.\" \/>\n<meta property=\"og:url\" content=\"https:\/\/sharkpokerreviews.com.br\/blog\/politica-de-privacidade\/\" \/>\n<meta property=\"og:site_name\" content=\"Shark Poker Reviews\" \/>\n<meta property=\"article:modified_time\" content=\"2024-05-13T15:45:46+00:00\" \/>\n<meta name=\"twitter:card\" content=\"summary_large_image\" \/>\n<meta name=\"twitter:label1\" content=\"Est. tempo de leitura\" \/>\n\t<meta name=\"twitter:data1\" content=\"8 minutos\" \/>\n<script type=\"application\/ld+json\" class=\"yoast-schema-graph\">{\"@context\":\"https:\/\/schema.org\",\"@graph\":[{\"@type\":\"WebPage\",\"@id\":\"https:\/\/sharkpokerreviews.com.br\/blog\/politica-de-privacidade\/\",\"url\":\"https:\/\/sharkpokerreviews.com.br\/blog\/politica-de-privacidade\/\",\"name\":\"Pol\u00edtica de privacidade - Shark Poker Reviews\",\"isPartOf\":{\"@id\":\"https:\/\/sharkpokerreviews.com.br\/blog\/#website\"},\"datePublished\":\"2019-03-01T16:12:06+00:00\",\"dateModified\":\"2024-05-13T15:45:46+00:00\",\"description\":\"Esta pol\u00edtica de privacidade descreve como coletamos, usamos e protegemos as informa\u00e7\u00f5es que voc\u00ea fornece ao usar nosso site.\",\"breadcrumb\":{\"@id\":\"https:\/\/sharkpokerreviews.com.br\/blog\/politica-de-privacidade\/#breadcrumb\"},\"inLanguage\":\"pt-BR\",\"potentialAction\":[{\"@type\":\"ReadAction\",\"target\":[\"https:\/\/sharkpokerreviews.com.br\/blog\/politica-de-privacidade\/\"]}]},{\"@type\":\"BreadcrumbList\",\"@id\":\"https:\/\/sharkpokerreviews.com.br\/blog\/politica-de-privacidade\/#breadcrumb\",\"itemListElement\":[{\"@type\":\"ListItem\",\"position\":1,\"name\":\"In\u00edcio\",\"item\":\"https:\/\/sharkpokerreviews.com.br\/blog\/\"},{\"@type\":\"ListItem\",\"position\":2,\"name\":\"Pol\u00edtica de privacidade\"}]},{\"@type\":\"WebSite\",\"@id\":\"https:\/\/sharkpokerreviews.com.br\/blog\/#website\",\"url\":\"https:\/\/sharkpokerreviews.com.br\/blog\/\",\"name\":\"Shark Poker Reviews\",\"description\":\"Aprendendo A Jogar Poker Online\",\"publisher\":{\"@id\":\"https:\/\/sharkpokerreviews.com.br\/blog\/#\/schema\/person\/3f8242b9bb17a1396cd838fa75cc10fb\"},\"potentialAction\":[{\"@type\":\"SearchAction\",\"target\":{\"@type\":\"EntryPoint\",\"urlTemplate\":\"https:\/\/sharkpokerreviews.com.br\/blog\/?s={search_term_string}\"},\"query-input\":{\"@type\":\"PropertyValueSpecification\",\"valueRequired\":true,\"valueName\":\"search_term_string\"}}],\"inLanguage\":\"pt-BR\"},{\"@type\":[\"Person\",\"Organization\"],\"@id\":\"https:\/\/sharkpokerreviews.com.br\/blog\/#\/schema\/person\/3f8242b9bb17a1396cd838fa75cc10fb\",\"name\":\"Rafael H.\",\"image\":{\"@type\":\"ImageObject\",\"inLanguage\":\"pt-BR\",\"@id\":\"https:\/\/sharkpokerreviews.com.br\/blog\/wp-content\/uploads\/2020\/07\/cropped-shark-poker-reviews-logo.png\",\"url\":\"https:\/\/sharkpokerreviews.com.br\/blog\/wp-content\/uploads\/2020\/07\/cropped-shark-poker-reviews-logo.png\",\"contentUrl\":\"https:\/\/sharkpokerreviews.com.br\/blog\/wp-content\/uploads\/2020\/07\/cropped-shark-poker-reviews-logo.png\",\"width\":242,\"height\":61,\"caption\":\"Rafael H.\"},\"logo\":{\"@id\":\"https:\/\/sharkpokerreviews.com.br\/blog\/wp-content\/uploads\/2020\/07\/cropped-shark-poker-reviews-logo.png\"},\"description\":\"Cansado de tomar uma Bad Beat atr\u00e1s da outra, Rafael decidiu come\u00e7ar a estudar poker. Ao longo do tempo, resolver compartilhar o que ia aprendendo em um blog pessoal - o Shark Poker Reviews. Como jogador recreativo, o autor \u00e9 um bom blogueiro!\"}]}<\/script>\n<!-- \/ Yoast SEO plugin. -->","yoast_head_json":{"title":"Pol\u00edtica de privacidade - Shark Poker Reviews","description":"Esta pol\u00edtica de privacidade descreve como coletamos, usamos e protegemos as informa\u00e7\u00f5es que voc\u00ea fornece ao usar nosso site.","robots":{"index":"index","follow":"follow","max-snippet":"max-snippet:-1","max-image-preview":"max-image-preview:large","max-video-preview":"max-video-preview:-1"},"canonical":"https:\/\/sharkpokerreviews.com.br\/blog\/politica-de-privacidade\/","og_locale":"pt_BR","og_type":"article","og_title":"Pol\u00edtica de privacidade - Shark Poker Reviews","og_description":"Esta pol\u00edtica de privacidade descreve como coletamos, usamos e protegemos as informa\u00e7\u00f5es que voc\u00ea fornece ao usar nosso site.","og_url":"https:\/\/sharkpokerreviews.com.br\/blog\/politica-de-privacidade\/","og_site_name":"Shark Poker Reviews","article_modified_time":"2024-05-13T15:45:46+00:00","twitter_card":"summary_large_image","twitter_misc":{"Est. tempo de leitura":"8 minutos"},"schema":{"@context":"https:\/\/schema.org","@graph":[{"@type":"WebPage","@id":"https:\/\/sharkpokerreviews.com.br\/blog\/politica-de-privacidade\/","url":"https:\/\/sharkpokerreviews.com.br\/blog\/politica-de-privacidade\/","name":"Pol\u00edtica de privacidade - Shark Poker Reviews","isPartOf":{"@id":"https:\/\/sharkpokerreviews.com.br\/blog\/#website"},"datePublished":"2019-03-01T16:12:06+00:00","dateModified":"2024-05-13T15:45:46+00:00","description":"Esta pol\u00edtica de privacidade descreve como coletamos, usamos e protegemos as informa\u00e7\u00f5es que voc\u00ea fornece ao usar nosso site.","breadcrumb":{"@id":"https:\/\/sharkpokerreviews.com.br\/blog\/politica-de-privacidade\/#breadcrumb"},"inLanguage":"pt-BR","potentialAction":[{"@type":"ReadAction","target":["https:\/\/sharkpokerreviews.com.br\/blog\/politica-de-privacidade\/"]}]},{"@type":"BreadcrumbList","@id":"https:\/\/sharkpokerreviews.com.br\/blog\/politica-de-privacidade\/#breadcrumb","itemListElement":[{"@type":"ListItem","position":1,"name":"In\u00edcio","item":"https:\/\/sharkpokerreviews.com.br\/blog\/"},{"@type":"ListItem","position":2,"name":"Pol\u00edtica de privacidade"}]},{"@type":"WebSite","@id":"https:\/\/sharkpokerreviews.com.br\/blog\/#website","url":"https:\/\/sharkpokerreviews.com.br\/blog\/","name":"Shark Poker Reviews","description":"Aprendendo A Jogar Poker Online","publisher":{"@id":"https:\/\/sharkpokerreviews.com.br\/blog\/#\/schema\/person\/3f8242b9bb17a1396cd838fa75cc10fb"},"potentialAction":[{"@type":"SearchAction","target":{"@type":"EntryPoint","urlTemplate":"https:\/\/sharkpokerreviews.com.br\/blog\/?s={search_term_string}"},"query-input":{"@type":"PropertyValueSpecification","valueRequired":true,"valueName":"search_term_string"}}],"inLanguage":"pt-BR"},{"@type":["Person","Organization"],"@id":"https:\/\/sharkpokerreviews.com.br\/blog\/#\/schema\/person\/3f8242b9bb17a1396cd838fa75cc10fb","name":"Rafael H.","image":{"@type":"ImageObject","inLanguage":"pt-BR","@id":"https:\/\/sharkpokerreviews.com.br\/blog\/wp-content\/uploads\/2020\/07\/cropped-shark-poker-reviews-logo.png","url":"https:\/\/sharkpokerreviews.com.br\/blog\/wp-content\/uploads\/2020\/07\/cropped-shark-poker-reviews-logo.png","contentUrl":"https:\/\/sharkpokerreviews.com.br\/blog\/wp-content\/uploads\/2020\/07\/cropped-shark-poker-reviews-logo.png","width":242,"height":61,"caption":"Rafael H."},"logo":{"@id":"https:\/\/sharkpokerreviews.com.br\/blog\/wp-content\/uploads\/2020\/07\/cropped-shark-poker-reviews-logo.png"},"description":"Cansado de tomar uma Bad Beat atr\u00e1s da outra, Rafael decidiu come\u00e7ar a estudar poker. Ao longo do tempo, resolver compartilhar o que ia aprendendo em um blog pessoal - o Shark Poker Reviews. Como jogador recreativo, o autor \u00e9 um bom blogueiro!"}]}},"uagb_featured_image_src":{"full":false,"thumbnail":false,"medium":false,"medium_large":false,"large":false,"1536x1536":false,"2048x2048":false,"wolfwp-thumb-small":false,"wolfwp-thumb-medium-cut":false},"uagb_author_info":{"display_name":"Rafael H.","author_link":"https:\/\/sharkpokerreviews.com.br\/blog\/author\/roccohertelgmail-com\/"},"uagb_comment_info":0,"uagb_excerpt":"Quem somos O endere\u00e7o do nosso site \u00e9: https:\/\/sharkpokerreviews.com.br\/blog. Na Shark Poker Reviews, estamos comprometidos em proteger a privacidade e os dados pessoais de nossos usu\u00e1rios. Esta pol\u00edtica de privacidade descreve como coletamos, usamos e protegemos as informa\u00e7\u00f5es que voc\u00ea fornece ao usar nosso site. 1. Informa\u00e7\u00f5es Coletadas Informa\u00e7\u00f5es de [&hellip;]","_links":{"self":[{"href":"https:\/\/sharkpokerreviews.com.br\/blog\/wp-json\/wp\/v2\/pages\/3","targetHints":{"allow":["GET"]}}],"collection":[{"href":"https:\/\/sharkpokerreviews.com.br\/blog\/wp-json\/wp\/v2\/pages"}],"about":[{"href":"https:\/\/sharkpokerreviews.com.br\/blog\/wp-json\/wp\/v2\/types\/page"}],"author":[{"embeddable":true,"href":"https:\/\/sharkpokerreviews.com.br\/blog\/wp-json\/wp\/v2\/users\/1"}],"replies":[{"embeddable":true,"href":"https:\/\/sharkpokerreviews.com.br\/blog\/wp-json\/wp\/v2\/comments?post=3"}],"version-history":[{"count":1,"href":"https:\/\/sharkpokerreviews.com.br\/blog\/wp-json\/wp\/v2\/pages\/3\/revisions"}],"predecessor-version":[{"id":2594,"href":"https:\/\/sharkpokerreviews.com.br\/blog\/wp-json\/wp\/v2\/pages\/3\/revisions\/2594"}],"wp:attachment":[{"href":"https:\/\/sharkpokerreviews.com.br\/blog\/wp-json\/wp\/v2\/media?parent=3"}],"curies":[{"name":"wp","href":"https:\/\/api.w.org\/{rel}","templated":true}]}}